{"id":2530,"date":"2022-10-26T16:55:33","date_gmt":"2022-10-26T15:55:33","guid":{"rendered":"https:\/\/fiammetta.pt\/fiammetta-dal-1944\/"},"modified":"2024-02-23T13:33:52","modified_gmt":"2024-02-23T13:33:52","slug":"fiammetta-dal-1944","status":"publish","type":"page","link":"https:\/\/fiammetta.pt\/en\/","title":{"rendered":"Fiammetta dal 1944"},"content":{"rendered":"\t\t<div data-elementor-type=\"wp-page\" data-elementor-id=\"2530\" class=\"elementor elementor-2530 elementor-1079\" data-elementor-post-type=\"page\">\n\t\t\t\t\t\t<section class=\"elementor-section elementor-top-section elementor-element elementor-element-7d31a4d elementor-section-full_width elementor-section-stretched elementor-section-height-default elementor-section-height-default\" data-id=\"7d31a4d\" data-element_type=\"section\" data-settings=\"{&quot;stretch_section&quot;:&quot;section-stretched&quot;}\">\n\t\t\t\t\t\t<div class=\"elementor-container elementor-column-gap-default\">\n\t\t\t\t\t<div class=\"elementor-column elementor-col-100 elementor-top-column elementor-element elementor-element-5cc3ab7\" data-id=\"5cc3ab7\" data-element_type=\"column\">\n\t\t\t<div class=\"elementor-widget-wrap elementor-element-populated\">\n\t\t\t\t\t\t<div class=\"elementor-element elementor-element-68e5ad4 uael-img-caption-valign-middle uael-img-grid__column-5 uael-img-grid-mobile__column-1 uael-img-grid-tablet__column-3 uael-ins-normal elementor-widget elementor-widget-uael-image-gallery\" data-id=\"68e5ad4\" data-element_type=\"widget\" data-settings=\"{&quot;gallery_columns&quot;:&quot;5&quot;,&quot;gallery_columns_mobile&quot;:&quot;1&quot;,&quot;gallery_columns_tablet&quot;:&quot;3&quot;,&quot;column_gap&quot;:{&quot;unit&quot;:&quot;px&quot;,&quot;size&quot;:20,&quot;sizes&quot;:[]},&quot;column_gap_tablet&quot;:{&quot;unit&quot;:&quot;px&quot;,&quot;size&quot;:&quot;&quot;,&quot;sizes&quot;:[]},&quot;column_gap_mobile&quot;:{&quot;unit&quot;:&quot;px&quot;,&quot;size&quot;:&quot;&quot;,&quot;sizes&quot;:[]},&quot;row_gap&quot;:{&quot;unit&quot;:&quot;px&quot;,&quot;size&quot;:20,&quot;sizes&quot;:[]},&quot;row_gap_tablet&quot;:{&quot;unit&quot;:&quot;px&quot;,&quot;size&quot;:&quot;&quot;,&quot;sizes&quot;:[]},&quot;row_gap_mobile&quot;:{&quot;unit&quot;:&quot;px&quot;,&quot;size&quot;:&quot;&quot;,&quot;sizes&quot;:[]},&quot;images_valign&quot;:&quot;flex-start&quot;,&quot;caption_padding&quot;:{&quot;unit&quot;:&quot;px&quot;,&quot;top&quot;:&quot;&quot;,&quot;right&quot;:&quot;&quot;,&quot;bottom&quot;:&quot;&quot;,&quot;left&quot;:&quot;&quot;,&quot;isLinked&quot;:true},&quot;caption_padding_tablet&quot;:{&quot;unit&quot;:&quot;px&quot;,&quot;top&quot;:&quot;&quot;,&quot;right&quot;:&quot;&quot;,&quot;bottom&quot;:&quot;&quot;,&quot;left&quot;:&quot;&quot;,&quot;isLinked&quot;:true},&quot;caption_padding_mobile&quot;:{&quot;unit&quot;:&quot;px&quot;,&quot;top&quot;:&quot;&quot;,&quot;right&quot;:&quot;&quot;,&quot;bottom&quot;:&quot;&quot;,&quot;left&quot;:&quot;&quot;,&quot;isLinked&quot;:true}}\" data-widget_type=\"uael-image-gallery.default\">\n\t\t\t\t<div class=\"elementor-widget-container\">\n\t\t\t<div class=\"uael-gallery-parent uael-caption-on-hover uael-gallery-unjustified\"><div class=\"uael-img-gallery-wrap uael-img-grid-wrap uael-img-grid-masonry-wrap\" data-filter-default=\"All\"><div class=\"uael-grid-item  uael-img-gallery-item-1\"><div class=\"uael-grid-item-content\"><a class=\"uael-grid-img uael-grid-gallery-img uael-ins-hover elementor-clickable\" target=\"_self\" href=\"\/fiammetta\/mercearia\/\" data-elementor-open-lightbox=\"no\"><div class=\"uael-grid-img-thumbnail uael-ins-target\"><img fetchpriority=\"high\" decoding=\"async\" width=\"500\" height=\"750\" src=\"https:\/\/fiammetta.pt\/wp-content\/uploads\/2022\/10\/Merceria_home.jpg\" class=\"attachment-full size-full wp-image-1091\" alt=\"\" srcset=\"https:\/\/fiammetta.pt\/wp-content\/uploads\/2022\/10\/Merceria_home.jpg 500w, https:\/\/fiammetta.pt\/wp-content\/uploads\/2022\/10\/Merceria_home-200x300.jpg 200w\" sizes=\"(max-width: 500px) 100vw, 500px\" \/><\/div><div class=\"uael-grid-img-overlay\"><\/div><\/a><figcaption class=\"uael-grid-img-content\"><div class=\"uael-grid-img-caption\"><h3 class=\"uael-grid-caption-text\">Mercearia<\/h3><\/div><\/figcaption><\/div><\/div><div class=\"uael-grid-item  uael-img-gallery-item-2\"><div class=\"uael-grid-item-content\"><a class=\"uael-grid-img uael-grid-gallery-img uael-ins-hover elementor-clickable\" target=\"_self\" href=\"\/fiammetta\/restaurante\/\" data-elementor-open-lightbox=\"no\"><div class=\"uael-grid-img-thumbnail uael-ins-target\"><img decoding=\"async\" width=\"500\" height=\"750\" src=\"https:\/\/fiammetta.pt\/wp-content\/uploads\/2022\/10\/Restaurante_home-1.jpg\" class=\"attachment-full size-full wp-image-1092\" alt=\"\" srcset=\"https:\/\/fiammetta.pt\/wp-content\/uploads\/2022\/10\/Restaurante_home-1.jpg 500w, https:\/\/fiammetta.pt\/wp-content\/uploads\/2022\/10\/Restaurante_home-1-200x300.jpg 200w\" sizes=\"(max-width: 500px) 100vw, 500px\" \/><\/div><div class=\"uael-grid-img-overlay\"><\/div><\/a><figcaption class=\"uael-grid-img-content\"><div class=\"uael-grid-img-caption\"><h3 class=\"uael-grid-caption-text\">Restaurante<\/h3><\/div><\/figcaption><\/div><\/div><div class=\"uael-grid-item  uael-img-gallery-item-3\"><div class=\"uael-grid-item-content\"><a class=\"uael-grid-img uael-grid-gallery-img uael-ins-hover elementor-clickable\" target=\"_self\" href=\"\/fiammetta\/garrafeira\/\" data-elementor-open-lightbox=\"no\"><div class=\"uael-grid-img-thumbnail uael-ins-target\"><img decoding=\"async\" width=\"1707\" height=\"2560\" src=\"https:\/\/fiammetta.pt\/wp-content\/uploads\/2022\/10\/Garrafeira_Home-scaled.jpg\" class=\"attachment-full size-full wp-image-1090\" alt=\"\" srcset=\"https:\/\/fiammetta.pt\/wp-content\/uploads\/2022\/10\/Garrafeira_Home-scaled.jpg 1707w, https:\/\/fiammetta.pt\/wp-content\/uploads\/2022\/10\/Garrafeira_Home-200x300.jpg 200w, https:\/\/fiammetta.pt\/wp-content\/uploads\/2022\/10\/Garrafeira_Home-683x1024.jpg 683w, https:\/\/fiammetta.pt\/wp-content\/uploads\/2022\/10\/Garrafeira_Home-768x1152.jpg 768w, https:\/\/fiammetta.pt\/wp-content\/uploads\/2022\/10\/Garrafeira_Home-1024x1536.jpg 1024w, https:\/\/fiammetta.pt\/wp-content\/uploads\/2022\/10\/Garrafeira_Home-1365x2048.jpg 1365w\" sizes=\"(max-width: 1707px) 100vw, 1707px\" \/><\/div><div class=\"uael-grid-img-overlay\"><\/div><\/a><figcaption class=\"uael-grid-img-content\"><div class=\"uael-grid-img-caption\"><h3 class=\"uael-grid-caption-text\">Garrafeira<\/h3><\/div><\/figcaption><\/div><\/div><div class=\"uael-grid-item  uael-img-gallery-item-4\"><div class=\"uael-grid-item-content\"><a class=\"uael-grid-img uael-grid-gallery-img uael-ins-hover elementor-clickable\" target=\"_self\" href=\"\/fiammetta\/cafetaria\/\" data-elementor-open-lightbox=\"no\"><div class=\"uael-grid-img-thumbnail uael-ins-target\"><img loading=\"lazy\" decoding=\"async\" width=\"1707\" height=\"2560\" src=\"https:\/\/fiammetta.pt\/wp-content\/uploads\/2022\/10\/fiammetta-2-scaled.jpg\" class=\"attachment-full size-full wp-image-1088\" alt=\"\" srcset=\"https:\/\/fiammetta.pt\/wp-content\/uploads\/2022\/10\/fiammetta-2-scaled.jpg 1707w, https:\/\/fiammetta.pt\/wp-content\/uploads\/2022\/10\/fiammetta-2-200x300.jpg 200w, https:\/\/fiammetta.pt\/wp-content\/uploads\/2022\/10\/fiammetta-2-683x1024.jpg 683w, https:\/\/fiammetta.pt\/wp-content\/uploads\/2022\/10\/fiammetta-2-768x1152.jpg 768w, https:\/\/fiammetta.pt\/wp-content\/uploads\/2022\/10\/fiammetta-2-1024x1536.jpg 1024w, https:\/\/fiammetta.pt\/wp-content\/uploads\/2022\/10\/fiammetta-2-1365x2048.jpg 1365w\" sizes=\"(max-width: 1707px) 100vw, 1707px\" \/><\/div><div class=\"uael-grid-img-overlay\"><\/div><\/a><figcaption class=\"uael-grid-img-content\"><div class=\"uael-grid-img-caption\"><h3 class=\"uael-grid-caption-text\">Cafetaria<\/h3><\/div><\/figcaption><\/div><\/div><div class=\"uael-grid-item  uael-img-gallery-item-5\"><div class=\"uael-grid-item-content\"><a class=\"uael-grid-img uael-grid-gallery-img uael-ins-hover elementor-clickable\" target=\"_self\" href=\"\/fiammetta\/catering\" data-elementor-open-lightbox=\"no\"><div class=\"uael-grid-img-thumbnail uael-ins-target\"><img loading=\"lazy\" decoding=\"async\" width=\"500\" height=\"750\" src=\"https:\/\/fiammetta.pt\/wp-content\/uploads\/2024\/02\/Catering-1.jpg\" class=\"attachment-full size-full wp-image-2516\" alt=\"\" \/><\/div><div class=\"uael-grid-img-overlay\"><\/div><\/a><figcaption class=\"uael-grid-img-content\"><div class=\"uael-grid-img-caption\"><h3 class=\"uael-grid-caption-text\">Catering<\/h3><\/div><\/figcaption><\/div><\/div><\/div><\/div>\t\t<\/div>\n\t\t\t\t<\/div>\n\t\t\t\t\t<\/div>\n\t\t<\/div>\n\t\t\t\t\t<\/div>\n\t\t<\/section>\n\t\t\t\t<section class=\"elementor-section elementor-top-section elementor-element elementor-element-2ea1375 elementor-section-boxed elementor-section-height-default elementor-section-height-default\" data-id=\"2ea1375\" data-element_type=\"section\">\n\t\t\t\t\t\t<div class=\"elementor-container elementor-column-gap-default\">\n\t\t\t\t\t<div class=\"elementor-column elementor-col-100 elementor-top-column elementor-element elementor-element-b379023\" data-id=\"b379023\" data-element_type=\"column\">\n\t\t\t<div class=\"elementor-widget-wrap elementor-element-populated\">\n\t\t\t\t\t\t<div class=\"elementor-element elementor-element-86f2a02 elementor-widget elementor-widget-heading\" data-id=\"86f2a02\" data-element_type=\"widget\" data-widget_type=\"heading.default\">\n\t\t\t\t<div class=\"elementor-widget-container\">\n\t\t\t<style>\/*! elementor - v3.20.0 - 10-04-2024 *\/\n.elementor-heading-title{padding:0;margin:0;line-height:1}.elementor-widget-heading .elementor-heading-title[class*=elementor-size-]>a{color:inherit;font-size:inherit;line-height:inherit}.elementor-widget-heading .elementor-heading-title.elementor-size-small{font-size:15px}.elementor-widget-heading .elementor-heading-title.elementor-size-medium{font-size:19px}.elementor-widget-heading .elementor-heading-title.elementor-size-large{font-size:29px}.elementor-widget-heading .elementor-heading-title.elementor-size-xl{font-size:39px}.elementor-widget-heading .elementor-heading-title.elementor-size-xxl{font-size:59px}<\/style><h1 class=\"elementor-heading-title elementor-size-default\">FIAMMETTA - MAKING HISTORY SINCE 1944<\/h1>\t\t<\/div>\n\t\t\t\t<\/div>\n\t\t\t\t<div class=\"elementor-element elementor-element-8d2567f elementor-widget elementor-widget-text-editor\" data-id=\"8d2567f\" data-element_type=\"widget\" data-widget_type=\"text-editor.default\">\n\t\t\t\t<div class=\"elementor-widget-container\">\n\t\t\t<style>\/*! elementor - v3.20.0 - 10-04-2024 *\/\n.elementor-widget-text-editor.elementor-drop-cap-view-stacked .elementor-drop-cap{background-color:#69727d;color:#fff}.elementor-widget-text-editor.elementor-drop-cap-view-framed .elementor-drop-cap{color:#69727d;border:3px solid;background-color:transparent}.elementor-widget-text-editor:not(.elementor-drop-cap-view-default) .elementor-drop-cap{margin-top:8px}.elementor-widget-text-editor:not(.elementor-drop-cap-view-default) .elementor-drop-cap-letter{width:1em;height:1em}.elementor-widget-text-editor .elementor-drop-cap{float:left;text-align:center;line-height:1;font-size:50px}.elementor-widget-text-editor .elementor-drop-cap-letter{display:inline-block}<\/style>\t\t\t\t<p>It was 1944 when the three young brothers Giacinto, Varese and Alvaro Cristiani arrived in Rome at the height of the Second World War with the objective of building a future for their family. The passion for their homeland\u00b4s gastronomy \u2013 Tuscany \u2013 and their dedication were key to writing the foundations of their restaurant: Fiammetta.<\/p>\n<p>This restaurant was founded and is still managed as a small family business. For more than 74 years it has been a meeting point for nostalgic palates, traditional flavours\u00b4 hunters, curious tourists and regular customers.<\/p>\n<p>Fiammetta has now doubled its address with the opening of the new venue in Lisbon, Portugal, with a restaurant and a gourmet shop that mingle in one space. Fiammetta Lisboa proudly holds the same values of the three founders and, beyond all geographical boundaries, offers its customers a careful selection of authentic Italian products of exclusive handcrafted origin.<\/p>\t\t\t\t\t\t<\/div>\n\t\t\t\t<\/div>\n\t\t\t\t\t<\/div>\n\t\t<\/div>\n\t\t\t\t\t<\/div>\n\t\t<\/section>\n\t\t\t\t<\/div>\n\t\t","protected":false},"excerpt":{"rendered":"<p>Mercearia Restaurante Garrafeira Cafetaria Catering FIAMMETTA &#8211; MAKING HISTORY SINCE 1944 It was 1944 when the three young brothers Giacinto, Varese and Alvaro Cristiani arrived in Rome at the height of the Second World War with the objective of building a future for their family. The passion for their homeland\u00b4s gastronomy \u2013 Tuscany \u2013 and [&hellip;]<\/p>\n","protected":false},"author":1,"featured_media":0,"parent":0,"menu_order":0,"comment_status":"closed","ping_status":"closed","template":"","meta":{"footnotes":""},"class_list":["post-2530","page","type-page","status-publish","hentry"],"yoast_head":"<!-- This site is optimized with the Yoast SEO plugin v22.4 - https:\/\/yoast.com\/wordpress\/plugins\/seo\/ -->\n<title>Fiammetta dal 1944 - Fiammetta dal 1944<\/title>\n<meta name=\"robots\" content=\"index, follow, max-snippet:-1, max-image-preview:large, max-video-preview:-1\" \/>\n<link rel=\"canonical\" href=\"https:\/\/fiammetta.pt\/en\/\" \/>\n<meta property=\"og:locale\" content=\"en_US\" \/>\n<meta property=\"og:type\" content=\"article\" \/>\n<meta property=\"og:title\" content=\"Fiammetta dal 1944 - Fiammetta dal 1944\" \/>\n<meta property=\"og:description\" content=\"Mercearia Restaurante Garrafeira Cafetaria Catering FIAMMETTA &#8211; MAKING HISTORY SINCE 1944 It was 1944 when the three young brothers Giacinto, Varese and Alvaro Cristiani arrived in Rome at the height of the Second World War with the objective of building a future for their family. The passion for their homeland\u00b4s gastronomy \u2013 Tuscany \u2013 and [&hellip;]\" \/>\n<meta property=\"og:url\" content=\"https:\/\/fiammetta.pt\/en\/\" \/>\n<meta property=\"og:site_name\" content=\"Fiammetta dal 1944\" \/>\n<meta property=\"article:modified_time\" content=\"2024-02-23T13:33:52+00:00\" \/>\n<meta property=\"og:image\" content=\"https:\/\/fiammetta.pt\/wp-content\/uploads\/2022\/10\/Merceria_home.jpg\" \/>\n<meta name=\"twitter:card\" content=\"summary_large_image\" \/>\n<meta name=\"twitter:label1\" content=\"Est. reading time\" \/>\n\t<meta name=\"twitter:data1\" content=\"1 minute\" \/>\n<script type=\"application\/ld+json\" class=\"yoast-schema-graph\">{\"@context\":\"https:\/\/schema.org\",\"@graph\":[{\"@type\":\"WebPage\",\"@id\":\"https:\/\/fiammetta.pt\/en\/\",\"url\":\"https:\/\/fiammetta.pt\/en\/\",\"name\":\"Fiammetta dal 1944 - Fiammetta dal 1944\",\"isPartOf\":{\"@id\":\"https:\/\/fiammetta.pt\/en\/#website\"},\"primaryImageOfPage\":{\"@id\":\"https:\/\/fiammetta.pt\/en\/#primaryimage\"},\"image\":{\"@id\":\"https:\/\/fiammetta.pt\/en\/#primaryimage\"},\"thumbnailUrl\":\"https:\/\/fiammetta.pt\/wp-content\/uploads\/2022\/10\/Merceria_home.jpg\",\"datePublished\":\"2022-10-26T15:55:33+00:00\",\"dateModified\":\"2024-02-23T13:33:52+00:00\",\"breadcrumb\":{\"@id\":\"https:\/\/fiammetta.pt\/en\/#breadcrumb\"},\"inLanguage\":\"en-US\",\"potentialAction\":[{\"@type\":\"ReadAction\",\"target\":[\"https:\/\/fiammetta.pt\/en\/\"]}]},{\"@type\":\"ImageObject\",\"inLanguage\":\"en-US\",\"@id\":\"https:\/\/fiammetta.pt\/en\/#primaryimage\",\"url\":\"https:\/\/fiammetta.pt\/wp-content\/uploads\/2022\/10\/Merceria_home.jpg\",\"contentUrl\":\"https:\/\/fiammetta.pt\/wp-content\/uploads\/2022\/10\/Merceria_home.jpg\"},{\"@type\":\"BreadcrumbList\",\"@id\":\"https:\/\/fiammetta.pt\/en\/#breadcrumb\",\"itemListElement\":[{\"@type\":\"ListItem\",\"position\":1,\"name\":\"In\u00edcio\",\"item\":\"https:\/\/fiammetta.pt\/en\/fiammetta-dal-1944\/\"},{\"@type\":\"ListItem\",\"position\":2,\"name\":\"Fiammetta dal 1944\"}]},{\"@type\":\"WebSite\",\"@id\":\"https:\/\/fiammetta.pt\/en\/#website\",\"url\":\"https:\/\/fiammetta.pt\/en\/\",\"name\":\"Fiammetta dal 1944\",\"description\":\"O Fiammetta duplicou o seu endere\u00e7o com a abertura das novas instala\u00e7\u00f5es em Lisboa, com um restaurante e uma loja gourmet que se re\u00fanem no mesmo espa\u00e7o.\",\"publisher\":{\"@id\":\"https:\/\/fiammetta.pt\/en\/#organization\"},\"potentialAction\":[{\"@type\":\"SearchAction\",\"target\":{\"@type\":\"EntryPoint\",\"urlTemplate\":\"https:\/\/fiammetta.pt\/en\/?s={search_term_string}\"},\"query-input\":\"required name=search_term_string\"}],\"inLanguage\":\"en-US\"},{\"@type\":\"Organization\",\"@id\":\"https:\/\/fiammetta.pt\/en\/#organization\",\"name\":\"Masaaki - Sushi House & Sushi Art\",\"url\":\"https:\/\/fiammetta.pt\/en\/\",\"logo\":{\"@type\":\"ImageObject\",\"inLanguage\":\"en-US\",\"@id\":\"https:\/\/fiammetta.pt\/en\/#\/schema\/logo\/image\/\",\"url\":\"https:\/\/fiammetta.pt\/wp-content\/uploads\/2022\/06\/Masaaki_Black.png\",\"contentUrl\":\"https:\/\/fiammetta.pt\/wp-content\/uploads\/2022\/06\/Masaaki_Black.png\",\"width\":1466,\"height\":461,\"caption\":\"Masaaki - Sushi House & Sushi Art\"},\"image\":{\"@id\":\"https:\/\/fiammetta.pt\/en\/#\/schema\/logo\/image\/\"}}]}<\/script>\n<!-- \/ Yoast SEO plugin. -->","yoast_head_json":{"title":"Fiammetta dal 1944 - Fiammetta dal 1944","robots":{"index":"index","follow":"follow","max-snippet":"max-snippet:-1","max-image-preview":"max-image-preview:large","max-video-preview":"max-video-preview:-1"},"canonical":"https:\/\/fiammetta.pt\/en\/","og_locale":"en_US","og_type":"article","og_title":"Fiammetta dal 1944 - Fiammetta dal 1944","og_description":"Mercearia Restaurante Garrafeira Cafetaria Catering FIAMMETTA &#8211; MAKING HISTORY SINCE 1944 It was 1944 when the three young brothers Giacinto, Varese and Alvaro Cristiani arrived in Rome at the height of the Second World War with the objective of building a future for their family. The passion for their homeland\u00b4s gastronomy \u2013 Tuscany \u2013 and [&hellip;]","og_url":"https:\/\/fiammetta.pt\/en\/","og_site_name":"Fiammetta dal 1944","article_modified_time":"2024-02-23T13:33:52+00:00","og_image":[{"url":"https:\/\/fiammetta.pt\/wp-content\/uploads\/2022\/10\/Merceria_home.jpg"}],"twitter_card":"summary_large_image","twitter_misc":{"Est. reading time":"1 minute"},"schema":{"@context":"https:\/\/schema.org","@graph":[{"@type":"WebPage","@id":"https:\/\/fiammetta.pt\/en\/","url":"https:\/\/fiammetta.pt\/en\/","name":"Fiammetta dal 1944 - Fiammetta dal 1944","isPartOf":{"@id":"https:\/\/fiammetta.pt\/en\/#website"},"primaryImageOfPage":{"@id":"https:\/\/fiammetta.pt\/en\/#primaryimage"},"image":{"@id":"https:\/\/fiammetta.pt\/en\/#primaryimage"},"thumbnailUrl":"https:\/\/fiammetta.pt\/wp-content\/uploads\/2022\/10\/Merceria_home.jpg","datePublished":"2022-10-26T15:55:33+00:00","dateModified":"2024-02-23T13:33:52+00:00","breadcrumb":{"@id":"https:\/\/fiammetta.pt\/en\/#breadcrumb"},"inLanguage":"en-US","potentialAction":[{"@type":"ReadAction","target":["https:\/\/fiammetta.pt\/en\/"]}]},{"@type":"ImageObject","inLanguage":"en-US","@id":"https:\/\/fiammetta.pt\/en\/#primaryimage","url":"https:\/\/fiammetta.pt\/wp-content\/uploads\/2022\/10\/Merceria_home.jpg","contentUrl":"https:\/\/fiammetta.pt\/wp-content\/uploads\/2022\/10\/Merceria_home.jpg"},{"@type":"BreadcrumbList","@id":"https:\/\/fiammetta.pt\/en\/#breadcrumb","itemListElement":[{"@type":"ListItem","position":1,"name":"In\u00edcio","item":"https:\/\/fiammetta.pt\/en\/fiammetta-dal-1944\/"},{"@type":"ListItem","position":2,"name":"Fiammetta dal 1944"}]},{"@type":"WebSite","@id":"https:\/\/fiammetta.pt\/en\/#website","url":"https:\/\/fiammetta.pt\/en\/","name":"Fiammetta dal 1944","description":"O Fiammetta duplicou o seu endere\u00e7o com a abertura das novas instala\u00e7\u00f5es em Lisboa, com um restaurante e uma loja gourmet que se re\u00fanem no mesmo espa\u00e7o.","publisher":{"@id":"https:\/\/fiammetta.pt\/en\/#organization"},"potentialAction":[{"@type":"SearchAction","target":{"@type":"EntryPoint","urlTemplate":"https:\/\/fiammetta.pt\/en\/?s={search_term_string}"},"query-input":"required name=search_term_string"}],"inLanguage":"en-US"},{"@type":"Organization","@id":"https:\/\/fiammetta.pt\/en\/#organization","name":"Masaaki - Sushi House & Sushi Art","url":"https:\/\/fiammetta.pt\/en\/","logo":{"@type":"ImageObject","inLanguage":"en-US","@id":"https:\/\/fiammetta.pt\/en\/#\/schema\/logo\/image\/","url":"https:\/\/fiammetta.pt\/wp-content\/uploads\/2022\/06\/Masaaki_Black.png","contentUrl":"https:\/\/fiammetta.pt\/wp-content\/uploads\/2022\/06\/Masaaki_Black.png","width":1466,"height":461,"caption":"Masaaki - Sushi House & Sushi Art"},"image":{"@id":"https:\/\/fiammetta.pt\/en\/#\/schema\/logo\/image\/"}}]}},"_links":{"self":[{"href":"https:\/\/fiammetta.pt\/en\/wp-json\/wp\/v2\/pages\/2530","targetHints":{"allow":["GET"]}}],"collection":[{"href":"https:\/\/fiammetta.pt\/en\/wp-json\/wp\/v2\/pages"}],"about":[{"href":"https:\/\/fiammetta.pt\/en\/wp-json\/wp\/v2\/types\/page"}],"author":[{"embeddable":true,"href":"https:\/\/fiammetta.pt\/en\/wp-json\/wp\/v2\/users\/1"}],"replies":[{"embeddable":true,"href":"https:\/\/fiammetta.pt\/en\/wp-json\/wp\/v2\/comments?post=2530"}],"version-history":[{"count":3,"href":"https:\/\/fiammetta.pt\/en\/wp-json\/wp\/v2\/pages\/2530\/revisions"}],"predecessor-version":[{"id":2533,"href":"https:\/\/fiammetta.pt\/en\/wp-json\/wp\/v2\/pages\/2530\/revisions\/2533"}],"wp:attachment":[{"href":"https:\/\/fiammetta.pt\/en\/wp-json\/wp\/v2\/media?parent=2530"}],"curies":[{"name":"wp","href":"https:\/\/api.w.org\/{rel}","templated":true}]}}