{"id":2613,"date":"2022-10-26T23:51:28","date_gmt":"2022-10-26T22:51:28","guid":{"rendered":"https:\/\/fiammetta.pt\/media\/"},"modified":"2024-02-23T15:36:49","modified_gmt":"2024-02-23T15:36:49","slug":"media","status":"publish","type":"page","link":"https:\/\/fiammetta.pt\/it\/media\/","title":{"rendered":"Media"},"content":{"rendered":"\t\t<div data-elementor-type=\"wp-page\" data-elementor-id=\"2613\" class=\"elementor elementor-2613 elementor-1273\" data-elementor-post-type=\"page\">\n\t\t\t\t\t\t<section class=\"elementor-section elementor-top-section elementor-element elementor-element-329c9fc8 elementor-section-boxed elementor-section-height-default elementor-section-height-default\" data-id=\"329c9fc8\" data-element_type=\"section\">\n\t\t\t\t\t\t<div class=\"elementor-container elementor-column-gap-default\">\n\t\t\t\t\t<div class=\"elementor-column elementor-col-100 elementor-top-column elementor-element elementor-element-2a27fbb1\" data-id=\"2a27fbb1\" data-element_type=\"column\">\n\t\t\t<div class=\"elementor-widget-wrap elementor-element-populated\">\n\t\t\t\t\t\t<div class=\"elementor-element elementor-element-4a03193 elementor-widget elementor-widget-heading\" data-id=\"4a03193\" data-element_type=\"widget\" data-widget_type=\"heading.default\">\n\t\t\t\t<div class=\"elementor-widget-container\">\n\t\t\t<style>\/*! elementor - v3.20.0 - 10-04-2024 *\/\n.elementor-heading-title{padding:0;margin:0;line-height:1}.elementor-widget-heading .elementor-heading-title[class*=elementor-size-]>a{color:inherit;font-size:inherit;line-height:inherit}.elementor-widget-heading .elementor-heading-title.elementor-size-small{font-size:15px}.elementor-widget-heading .elementor-heading-title.elementor-size-medium{font-size:19px}.elementor-widget-heading .elementor-heading-title.elementor-size-large{font-size:29px}.elementor-widget-heading .elementor-heading-title.elementor-size-xl{font-size:39px}.elementor-widget-heading .elementor-heading-title.elementor-size-xxl{font-size:59px}<\/style><h1 class=\"elementor-heading-title elementor-size-default\">Media<\/h1>\t\t<\/div>\n\t\t\t\t<\/div>\n\t\t\t\t<div class=\"elementor-element elementor-element-c946826 elementor-widget elementor-widget-text-editor\" data-id=\"c946826\" data-element_type=\"widget\" data-widget_type=\"text-editor.default\">\n\t\t\t\t<div class=\"elementor-widget-container\">\n\t\t\t<style>\/*! elementor - v3.20.0 - 10-04-2024 *\/\n.elementor-widget-text-editor.elementor-drop-cap-view-stacked .elementor-drop-cap{background-color:#69727d;color:#fff}.elementor-widget-text-editor.elementor-drop-cap-view-framed .elementor-drop-cap{color:#69727d;border:3px solid;background-color:transparent}.elementor-widget-text-editor:not(.elementor-drop-cap-view-default) .elementor-drop-cap{margin-top:8px}.elementor-widget-text-editor:not(.elementor-drop-cap-view-default) .elementor-drop-cap-letter{width:1em;height:1em}.elementor-widget-text-editor .elementor-drop-cap{float:left;text-align:center;line-height:1;font-size:50px}.elementor-widget-text-editor .elementor-drop-cap-letter{display:inline-block}<\/style>\t\t\t\t<p>Quello che dicono di noi.<\/p>\n\t\t\t\t\t\t<\/div>\n\t\t\t\t<\/div>\n\t\t\t\t<div class=\"elementor-element elementor-element-a3290b0 uael-equal__height-yes elementor-widget elementor-widget-uael-posts\" data-id=\"a3290b0\" data-element_type=\"widget\" data-settings=\"{&quot;classic_slides_to_show&quot;:3,&quot;classic_slides_to_show_tablet&quot;:2,&quot;classic_slides_to_show_mobile&quot;:1,&quot;classic_pagination_type&quot;:&quot;ajax&quot;,&quot;classic_show_filters&quot;:&quot;no&quot;}\" data-widget_type=\"uael-posts.classic\">\n\t\t\t\t<div class=\"elementor-widget-container\">\n\t\t\t\t\t<div class=\"uael-post__grid-empty\">\n\t\t\t<p>Siamo spiacenti, non riusciamo a trovare quello che stai cercando.<\/p>\n\t\t\t\t\t<\/div>\n\t\t\t\t<\/div>\n\t\t\t\t<\/div>\n\t\t\t\t\t<\/div>\n\t\t<\/div>\n\t\t\t\t\t<\/div>\n\t\t<\/section>\n\t\t\t\t<section class=\"elementor-section elementor-top-section elementor-element elementor-element-f341ca6 elementor-section-boxed elementor-section-height-default elementor-section-height-default\" data-id=\"f341ca6\" data-element_type=\"section\">\n\t\t\t\t\t\t<div class=\"elementor-container elementor-column-gap-default\">\n\t\t\t\t\t<div class=\"elementor-column elementor-col-100 elementor-top-column elementor-element elementor-element-61725a5\" data-id=\"61725a5\" data-element_type=\"column\">\n\t\t\t<div class=\"elementor-widget-wrap elementor-element-populated\">\n\t\t\t\t\t\t<div class=\"elementor-element elementor-element-7a35f50 elementor-widget elementor-widget-heading\" data-id=\"7a35f50\" data-element_type=\"widget\" data-widget_type=\"heading.default\">\n\t\t\t\t<div class=\"elementor-widget-container\">\n\t\t\t<h2 class=\"elementor-heading-title elementor-size-default\">DOVE SI PARLA DI NOI<\/h2>\t\t<\/div>\n\t\t\t\t<\/div>\n\t\t\t\t<div class=\"elementor-element elementor-element-0358eb2 elementor-widget elementor-widget-image\" data-id=\"0358eb2\" data-element_type=\"widget\" data-widget_type=\"image.default\">\n\t\t\t\t<div class=\"elementor-widget-container\">\n\t\t\t<style>\/*! elementor - v3.20.0 - 10-04-2024 *\/\n.elementor-widget-image{text-align:center}.elementor-widget-image a{display:inline-block}.elementor-widget-image a img[src$=\".svg\"]{width:48px}.elementor-widget-image img{vertical-align:middle;display:inline-block}<\/style>\t\t\t\t\t\t\t\t\t\t<img fetchpriority=\"high\" decoding=\"async\" width=\"1287\" height=\"104\" src=\"https:\/\/fiammetta.pt\/wp-content\/uploads\/2022\/10\/logos-1.png\" class=\"attachment-full size-full wp-image-2220\" alt=\"\" srcset=\"https:\/\/fiammetta.pt\/wp-content\/uploads\/2022\/10\/logos-1.png 1287w, https:\/\/fiammetta.pt\/wp-content\/uploads\/2022\/10\/logos-1-768x62.png 768w\" sizes=\"(max-width: 1287px) 100vw, 1287px\" \/>\t\t\t\t\t\t\t\t\t\t\t\t\t<\/div>\n\t\t\t\t<\/div>\n\t\t\t\t\t<\/div>\n\t\t<\/div>\n\t\t\t\t\t<\/div>\n\t\t<\/section>\n\t\t\t\t<\/div>\n\t\t","protected":false},"excerpt":{"rendered":"<p>Media Quello che dicono di noi. Boa Cama Boa Mesa &#8211; IT\u00c1LIA. Restaurante com mercearia pr\u00f3pria, o melhor de dois mundos Fiammetta lan\u00e7ou uma nova ementa dedicada ao outono\/ inverno, com pratos de esta\u00e7\u00e3o como Espargos &#8230; LEGGI DI PI\u00d9 Fiammetta wins 2 gamberos in the prestigious Gambero Rosso Gambero Rosso is the leading platform [&hellip;]<\/p>\n","protected":false},"author":1,"featured_media":0,"parent":0,"menu_order":0,"comment_status":"closed","ping_status":"closed","template":"","meta":{"footnotes":""},"class_list":["post-2613","page","type-page","status-publish","hentry"],"yoast_head":"<!-- This site is optimized with the Yoast SEO plugin v22.4 - https:\/\/yoast.com\/wordpress\/plugins\/seo\/ -->\n<title>Media - Fiammetta dal 1944<\/title>\n<meta name=\"robots\" content=\"index, follow, max-snippet:-1, max-image-preview:large, max-video-preview:-1\" \/>\n<link rel=\"canonical\" href=\"https:\/\/fiammetta.pt\/it\/media\/\" \/>\n<meta property=\"og:locale\" content=\"it_IT\" \/>\n<meta property=\"og:type\" content=\"article\" \/>\n<meta property=\"og:title\" content=\"Media - Fiammetta dal 1944\" \/>\n<meta property=\"og:description\" content=\"Media Quello che dicono di noi. Boa Cama Boa Mesa &#8211; IT\u00c1LIA. Restaurante com mercearia pr\u00f3pria, o melhor de dois mundos Fiammetta lan\u00e7ou uma nova ementa dedicada ao outono\/ inverno, com pratos de esta\u00e7\u00e3o como Espargos &#8230; LEGGI DI PI\u00d9 Fiammetta wins 2 gamberos in the prestigious Gambero Rosso Gambero Rosso is the leading platform [&hellip;]\" \/>\n<meta property=\"og:url\" content=\"https:\/\/fiammetta.pt\/it\/media\/\" \/>\n<meta property=\"og:site_name\" content=\"Fiammetta dal 1944\" \/>\n<meta property=\"article:modified_time\" content=\"2024-02-23T15:36:49+00:00\" \/>\n<meta property=\"og:image\" content=\"https:\/\/fiammetta.pt\/wp-content\/uploads\/2022\/10\/logos-1.png\" \/>\n<meta name=\"twitter:card\" content=\"summary_large_image\" \/>\n<meta name=\"twitter:label1\" content=\"Tempo di lettura stimato\" \/>\n\t<meta name=\"twitter:data1\" content=\"1 minuto\" \/>\n<script type=\"application\/ld+json\" class=\"yoast-schema-graph\">{\"@context\":\"https:\/\/schema.org\",\"@graph\":[{\"@type\":\"WebPage\",\"@id\":\"https:\/\/fiammetta.pt\/it\/media\/\",\"url\":\"https:\/\/fiammetta.pt\/it\/media\/\",\"name\":\"Media - Fiammetta dal 1944\",\"isPartOf\":{\"@id\":\"https:\/\/fiammetta.pt\/it\/#website\"},\"primaryImageOfPage\":{\"@id\":\"https:\/\/fiammetta.pt\/it\/media\/#primaryimage\"},\"image\":{\"@id\":\"https:\/\/fiammetta.pt\/it\/media\/#primaryimage\"},\"thumbnailUrl\":\"https:\/\/fiammetta.pt\/wp-content\/uploads\/2022\/10\/logos-1.png\",\"datePublished\":\"2022-10-26T22:51:28+00:00\",\"dateModified\":\"2024-02-23T15:36:49+00:00\",\"breadcrumb\":{\"@id\":\"https:\/\/fiammetta.pt\/it\/media\/#breadcrumb\"},\"inLanguage\":\"it-IT\",\"potentialAction\":[{\"@type\":\"ReadAction\",\"target\":[\"https:\/\/fiammetta.pt\/it\/media\/\"]}]},{\"@type\":\"ImageObject\",\"inLanguage\":\"it-IT\",\"@id\":\"https:\/\/fiammetta.pt\/it\/media\/#primaryimage\",\"url\":\"https:\/\/fiammetta.pt\/wp-content\/uploads\/2022\/10\/logos-1.png\",\"contentUrl\":\"https:\/\/fiammetta.pt\/wp-content\/uploads\/2022\/10\/logos-1.png\"},{\"@type\":\"BreadcrumbList\",\"@id\":\"https:\/\/fiammetta.pt\/it\/media\/#breadcrumb\",\"itemListElement\":[{\"@type\":\"ListItem\",\"position\":1,\"name\":\"In\u00edcio\",\"item\":\"https:\/\/fiammetta.pt\/it\/fiammetta-dal-1944\/\"},{\"@type\":\"ListItem\",\"position\":2,\"name\":\"Media\"}]},{\"@type\":\"WebSite\",\"@id\":\"https:\/\/fiammetta.pt\/it\/#website\",\"url\":\"https:\/\/fiammetta.pt\/it\/\",\"name\":\"Fiammetta dal 1944\",\"description\":\"O Fiammetta duplicou o seu endere\u00e7o com a abertura das novas instala\u00e7\u00f5es em Lisboa, com um restaurante e uma loja gourmet que se re\u00fanem no mesmo espa\u00e7o.\",\"publisher\":{\"@id\":\"https:\/\/fiammetta.pt\/it\/#organization\"},\"potentialAction\":[{\"@type\":\"SearchAction\",\"target\":{\"@type\":\"EntryPoint\",\"urlTemplate\":\"https:\/\/fiammetta.pt\/it\/?s={search_term_string}\"},\"query-input\":\"required name=search_term_string\"}],\"inLanguage\":\"it-IT\"},{\"@type\":\"Organization\",\"@id\":\"https:\/\/fiammetta.pt\/it\/#organization\",\"name\":\"Masaaki - Sushi House & Sushi Art\",\"url\":\"https:\/\/fiammetta.pt\/it\/\",\"logo\":{\"@type\":\"ImageObject\",\"inLanguage\":\"it-IT\",\"@id\":\"https:\/\/fiammetta.pt\/it\/#\/schema\/logo\/image\/\",\"url\":\"https:\/\/fiammetta.pt\/wp-content\/uploads\/2022\/06\/Masaaki_Black.png\",\"contentUrl\":\"https:\/\/fiammetta.pt\/wp-content\/uploads\/2022\/06\/Masaaki_Black.png\",\"width\":1466,\"height\":461,\"caption\":\"Masaaki - Sushi House & Sushi Art\"},\"image\":{\"@id\":\"https:\/\/fiammetta.pt\/it\/#\/schema\/logo\/image\/\"}}]}<\/script>\n<!-- \/ Yoast SEO plugin. -->","yoast_head_json":{"title":"Media - Fiammetta dal 1944","robots":{"index":"index","follow":"follow","max-snippet":"max-snippet:-1","max-image-preview":"max-image-preview:large","max-video-preview":"max-video-preview:-1"},"canonical":"https:\/\/fiammetta.pt\/it\/media\/","og_locale":"it_IT","og_type":"article","og_title":"Media - Fiammetta dal 1944","og_description":"Media Quello che dicono di noi. Boa Cama Boa Mesa &#8211; IT\u00c1LIA. Restaurante com mercearia pr\u00f3pria, o melhor de dois mundos Fiammetta lan\u00e7ou uma nova ementa dedicada ao outono\/ inverno, com pratos de esta\u00e7\u00e3o como Espargos &#8230; LEGGI DI PI\u00d9 Fiammetta wins 2 gamberos in the prestigious Gambero Rosso Gambero Rosso is the leading platform [&hellip;]","og_url":"https:\/\/fiammetta.pt\/it\/media\/","og_site_name":"Fiammetta dal 1944","article_modified_time":"2024-02-23T15:36:49+00:00","og_image":[{"url":"https:\/\/fiammetta.pt\/wp-content\/uploads\/2022\/10\/logos-1.png"}],"twitter_card":"summary_large_image","twitter_misc":{"Tempo di lettura stimato":"1 minuto"},"schema":{"@context":"https:\/\/schema.org","@graph":[{"@type":"WebPage","@id":"https:\/\/fiammetta.pt\/it\/media\/","url":"https:\/\/fiammetta.pt\/it\/media\/","name":"Media - Fiammetta dal 1944","isPartOf":{"@id":"https:\/\/fiammetta.pt\/it\/#website"},"primaryImageOfPage":{"@id":"https:\/\/fiammetta.pt\/it\/media\/#primaryimage"},"image":{"@id":"https:\/\/fiammetta.pt\/it\/media\/#primaryimage"},"thumbnailUrl":"https:\/\/fiammetta.pt\/wp-content\/uploads\/2022\/10\/logos-1.png","datePublished":"2022-10-26T22:51:28+00:00","dateModified":"2024-02-23T15:36:49+00:00","breadcrumb":{"@id":"https:\/\/fiammetta.pt\/it\/media\/#breadcrumb"},"inLanguage":"it-IT","potentialAction":[{"@type":"ReadAction","target":["https:\/\/fiammetta.pt\/it\/media\/"]}]},{"@type":"ImageObject","inLanguage":"it-IT","@id":"https:\/\/fiammetta.pt\/it\/media\/#primaryimage","url":"https:\/\/fiammetta.pt\/wp-content\/uploads\/2022\/10\/logos-1.png","contentUrl":"https:\/\/fiammetta.pt\/wp-content\/uploads\/2022\/10\/logos-1.png"},{"@type":"BreadcrumbList","@id":"https:\/\/fiammetta.pt\/it\/media\/#breadcrumb","itemListElement":[{"@type":"ListItem","position":1,"name":"In\u00edcio","item":"https:\/\/fiammetta.pt\/it\/fiammetta-dal-1944\/"},{"@type":"ListItem","position":2,"name":"Media"}]},{"@type":"WebSite","@id":"https:\/\/fiammetta.pt\/it\/#website","url":"https:\/\/fiammetta.pt\/it\/","name":"Fiammetta dal 1944","description":"O Fiammetta duplicou o seu endere\u00e7o com a abertura das novas instala\u00e7\u00f5es em Lisboa, com um restaurante e uma loja gourmet que se re\u00fanem no mesmo espa\u00e7o.","publisher":{"@id":"https:\/\/fiammetta.pt\/it\/#organization"},"potentialAction":[{"@type":"SearchAction","target":{"@type":"EntryPoint","urlTemplate":"https:\/\/fiammetta.pt\/it\/?s={search_term_string}"},"query-input":"required name=search_term_string"}],"inLanguage":"it-IT"},{"@type":"Organization","@id":"https:\/\/fiammetta.pt\/it\/#organization","name":"Masaaki - Sushi House & Sushi Art","url":"https:\/\/fiammetta.pt\/it\/","logo":{"@type":"ImageObject","inLanguage":"it-IT","@id":"https:\/\/fiammetta.pt\/it\/#\/schema\/logo\/image\/","url":"https:\/\/fiammetta.pt\/wp-content\/uploads\/2022\/06\/Masaaki_Black.png","contentUrl":"https:\/\/fiammetta.pt\/wp-content\/uploads\/2022\/06\/Masaaki_Black.png","width":1466,"height":461,"caption":"Masaaki - Sushi House & Sushi Art"},"image":{"@id":"https:\/\/fiammetta.pt\/it\/#\/schema\/logo\/image\/"}}]}},"_links":{"self":[{"href":"https:\/\/fiammetta.pt\/it\/wp-json\/wp\/v2\/pages\/2613","targetHints":{"allow":["GET"]}}],"collection":[{"href":"https:\/\/fiammetta.pt\/it\/wp-json\/wp\/v2\/pages"}],"about":[{"href":"https:\/\/fiammetta.pt\/it\/wp-json\/wp\/v2\/types\/page"}],"author":[{"embeddable":true,"href":"https:\/\/fiammetta.pt\/it\/wp-json\/wp\/v2\/users\/1"}],"replies":[{"embeddable":true,"href":"https:\/\/fiammetta.pt\/it\/wp-json\/wp\/v2\/comments?post=2613"}],"version-history":[{"count":1,"href":"https:\/\/fiammetta.pt\/it\/wp-json\/wp\/v2\/pages\/2613\/revisions"}],"predecessor-version":[{"id":2614,"href":"https:\/\/fiammetta.pt\/it\/wp-json\/wp\/v2\/pages\/2613\/revisions\/2614"}],"wp:attachment":[{"href":"https:\/\/fiammetta.pt\/it\/wp-json\/wp\/v2\/media?parent=2613"}],"curies":[{"name":"wp","href":"https:\/\/api.w.org\/{rel}","templated":true}]}}